{"id":1612,"date":"2022-02-10T19:02:39","date_gmt":"2022-02-10T22:02:39","guid":{"rendered":"https:\/\/institutomahle.org.br\/anthroposophy\/"},"modified":"2022-03-11T18:51:05","modified_gmt":"2022-03-11T21:51:05","slug":"anthroposophy","status":"publish","type":"page","link":"https:\/\/institutomahle.org.br\/en\/anthroposophy\/","title":{"rendered":"Anthroposophy"},"content":{"rendered":"\t\t<div data-elementor-type=\"wp-page\" data-elementor-id=\"1612\" class=\"elementor elementor-1612\" data-elementor-post-type=\"page\">\n\t\t\t\t\t\t<section class=\"elementor-section elementor-top-section elementor-element elementor-element-39cdf6d elementor-section-full_width elementor-section-height-min-height elementor-section-items-bottom elementor-section-height-default\" data-id=\"39cdf6d\" data-element_type=\"section\" data-settings=\"{&quot;background_background&quot;:&quot;classic&quot;}\">\n\t\t\t\t\t\t<div class=\"elementor-container elementor-column-gap-default\">\n\t\t\t\t\t<div class=\"elementor-column elementor-col-100 elementor-top-column elementor-element elementor-element-9993ee4\" data-id=\"9993ee4\" data-element_type=\"column\" data-settings=\"{&quot;background_background&quot;:&quot;classic&quot;}\">\n\t\t\t<div class=\"elementor-widget-wrap elementor-element-populated\">\n\t\t\t\t\t\t<div class=\"elementor-element elementor-element-1d0022a elementor-widget elementor-widget-heading\" data-id=\"1d0022a\" data-element_type=\"widget\" data-settings=\"{&quot;ekit_we_effect_on&quot;:&quot;none&quot;}\" data-widget_type=\"heading.default\">\n\t\t\t\t<div class=\"elementor-widget-container\">\n\t\t\t\t\t<h1 class=\"elementor-heading-title elementor-size-xxl\">THE MAHLE INSTITUTE AND ANTHROPOSOPHY<\/h1>\t\t\t\t<\/div>\n\t\t\t\t<\/div>\n\t\t\t\t\t<\/div>\n\t\t<\/div>\n\t\t\t\t\t<\/div>\n\t\t<\/section>\n\t\t\t\t<section class=\"elementor-section elementor-top-section elementor-element elementor-element-af9587c elementor-section-boxed elementor-section-height-default elementor-section-height-default\" data-id=\"af9587c\" data-element_type=\"section\" data-settings=\"{&quot;background_background&quot;:&quot;classic&quot;}\">\n\t\t\t\t\t\t<div class=\"elementor-container elementor-column-gap-default\">\n\t\t\t\t\t<div class=\"elementor-column elementor-col-50 elementor-top-column elementor-element elementor-element-30c02e7\" data-id=\"30c02e7\" data-element_type=\"column\">\n\t\t\t<div class=\"elementor-widget-wrap elementor-element-populated\">\n\t\t\t\t\t\t<div class=\"elementor-element elementor-element-7b63daa elementor-widget elementor-widget-text-editor\" data-id=\"7b63daa\" data-element_type=\"widget\" data-settings=\"{&quot;ekit_we_effect_on&quot;:&quot;none&quot;}\" data-widget_type=\"text-editor.default\">\n\t\t\t\t<div class=\"elementor-widget-container\">\n\t\t\t\t\t\t\t\t\t<p>Since its inception fifteen years ago, the Mahle Institute has been fully aligned with the anthroposophical philosophy as applied to socially responsible projects geared towards people, nature and the environment. In its trajectory, the Institute has honored, and additionally, affirmed the great importance of its original mission: to mobilize people and entities around initiatives that promote human development (in its spiritual, psychic and organic essence) as well as the integration of the human being with nature and the universe, by using the principles of Anthroposophy, in accordance with the vision of Rudolf Steiner. <\/p><p> <\/p><p>The history of Anthroposophy in Brazil dates back to the 1930s, when European immigrants began its study and dissemination of the country. Before the Second World War, the book \u201cHow to Acquire Knowledge of Superior Worlds,\u201d the pioneering translation by Lav\u00ednia Viotti, was already available in Brazil. After the war, considerable impetus was provided by Dr. Rudolf Lanz, who organized several public lectures given by Professor Otto Julius Hartmann, from the University of Graz, Austria, a leading scholar and author of books on Anthroposophy. In 1956, the first Waldorf School in Brazil was inaugurated in the S\u00e3o Paulo neighborhood of Higien\u00f3polis. Today, the Waldorf Rudolf Steiner School, located in the Santo Amaro neighborhood of S\u00e3o Paulo offers everything from elementary to higher education.   <\/p><p> <\/p><p>From the initial seed planted in the capital of S\u00e3o Paulo state, Waldorf Pedagogy spread throughout the country. In the late 1950s, Anthroposophical Medicine was also introduced within Brazil, with the opening of the Weleda do Brasil, Laboratory and Pharmacy. Three years earlier, however, Dr. Gudrun Schmidt had already established herself as the first anthroposophical physician in Brazil. Biodynamic agriculture, in turn, was implemented in the country in 1973, at the Demetria Ranch of Botucatu.    <\/p><p> <\/p><p>It is within these three areas of Anthroposophical practice \u2013 <strong>Education, Health and Agriculture<\/strong> \u2013 that the Mahle Institute primarily operates. The most recent period, marked by the devastating pandemic, has brought unprecedented challenges for everyone worldwide, for both institutions and individuals, with impacts on our personal, professional and family lives. At the Institute, the initial concern was to protect and support our employees and volunteers; then, alongside our partners, we have reassessed, adapted and remodeled programs that had been approved before the pandemic, while also organizing support for new, unexpected and essential projects.   This challenging pandemic period has also been a time to look within ourselves and the history of our work. To evaluate the projects carried out in recent years and to recognize the growing importance \u2013 highlighted even moreso by the pandemic \u2013 of the fundamental and pioneering concepts of Anthroposophy: Health, Education and Agriculture. Concepts which long before the climate emergency, included organic food, inclusive education and more humanized medicine which have also become increasingly discussed topics for an immense number of people and institutions around the planet.<\/p><p> <\/p><p>The time has never been more urgent to turn not only support anthroposophical practices and training, but also for research and communication. The last two of which have also become growing priorities for the Mahle Institute. <\/p><p> <\/p><p>These circumstances is what time and society has imposed upon us, namely, to attract new projects and new partners. Our cooperation agreement with the German MAHLE Foundation remains fundamental to our performance. However, it is mainly through our partners, collaborators, volunteers and, above all, the needs of the Brazilian people, which renews our conviction every day about the certainty of the path taken and the enormous responsibilities that await us and move us, always forward.  <\/p>\t\t\t\t\t\t\t\t<\/div>\n\t\t\t\t<\/div>\n\t\t\t\t\t<\/div>\n\t\t<\/div>\n\t\t\t\t<div class=\"elementor-column elementor-col-50 elementor-top-column elementor-element elementor-element-d5e474e\" data-id=\"d5e474e\" data-element_type=\"column\">\n\t\t\t<div class=\"elementor-widget-wrap elementor-element-populated\">\n\t\t\t\t\t\t<div class=\"elementor-element elementor-element-a02cb14 elementor-widget elementor-widget-image\" data-id=\"a02cb14\" data-element_type=\"widget\" data-settings=\"{&quot;ekit_we_effect_on&quot;:&quot;none&quot;}\" data-widget_type=\"image.default\">\n\t\t\t\t<div class=\"elementor-widget-container\">\n\t\t\t\t\t\t\t\t\t\t\t\t\t\t\t<img fetchpriority=\"high\" decoding=\"async\" width=\"800\" height=\"533\" src=\"https:\/\/institutomahle.org.br\/wp-content\/uploads\/2021\/09\/instituto-mahle-antroposofica-1-1024x682.jpeg\" class=\"attachment-large size-large wp-image-1008\" alt=\"\" srcset=\"https:\/\/institutomahle.org.br\/wp-content\/uploads\/2021\/09\/instituto-mahle-antroposofica-1-1024x682.jpeg 1024w, https:\/\/institutomahle.org.br\/wp-content\/uploads\/2021\/09\/instituto-mahle-antroposofica-1-300x200.jpeg 300w, https:\/\/institutomahle.org.br\/wp-content\/uploads\/2021\/09\/instituto-mahle-antroposofica-1-768x512.jpeg 768w, https:\/\/institutomahle.org.br\/wp-content\/uploads\/2021\/09\/instituto-mahle-antroposofica-1-700x466.jpeg 700w, https:\/\/institutomahle.org.br\/wp-content\/uploads\/2021\/09\/instituto-mahle-antroposofica-1.jpeg 1280w\" sizes=\"(max-width: 800px) 100vw, 800px\" \/>\t\t\t\t\t\t\t\t\t\t\t\t\t\t\t<\/div>\n\t\t\t\t<\/div>\n\t\t\t\t<div class=\"elementor-element elementor-element-2385c39 elementor-widget elementor-widget-image\" data-id=\"2385c39\" data-element_type=\"widget\" data-settings=\"{&quot;ekit_we_effect_on&quot;:&quot;none&quot;}\" data-widget_type=\"image.default\">\n\t\t\t\t<div class=\"elementor-widget-container\">\n\t\t\t\t\t\t\t\t\t\t\t\t\t\t\t<img decoding=\"async\" width=\"720\" height=\"476\" src=\"https:\/\/institutomahle.org.br\/wp-content\/uploads\/2021\/09\/instituto-mahle-antroposofica-2.jpeg\" class=\"attachment-large size-large wp-image-1009\" alt=\"\" srcset=\"https:\/\/institutomahle.org.br\/wp-content\/uploads\/2021\/09\/instituto-mahle-antroposofica-2.jpeg 720w, https:\/\/institutomahle.org.br\/wp-content\/uploads\/2021\/09\/instituto-mahle-antroposofica-2-300x198.jpeg 300w, https:\/\/institutomahle.org.br\/wp-content\/uploads\/2021\/09\/instituto-mahle-antroposofica-2-700x463.jpeg 700w\" sizes=\"(max-width: 720px) 100vw, 720px\" \/>\t\t\t\t\t\t\t\t\t\t\t\t\t\t\t<\/div>\n\t\t\t\t<\/div>\n\t\t\t\t\t<\/div>\n\t\t<\/div>\n\t\t\t\t\t<\/div>\n\t\t<\/section>\n\t\t\t\t<\/div>\n\t\t","protected":false},"excerpt":{"rendered":"<p>THE MAHLE INSTITUTE AND ANTHROPOSOPHY Since its inception fifteen years ago, the Mahle Institute has been fully aligned with the anthroposophical philosophy as applied to socially responsible projects geared towards people, nature and the environment. In its trajectory, the Institute has honored, and additionally, affirmed the great importance of its original mission: to mobilize people [&hellip;]<\/p>\n","protected":false},"author":1,"featured_media":0,"parent":0,"menu_order":0,"comment_status":"closed","ping_status":"closed","template":"elementor_header_footer","meta":{"footnotes":""},"class_list":["post-1612","page","type-page","status-publish","hentry"],"yoast_head":"<!-- This site is optimized with the Yoast SEO plugin v26.5 - https:\/\/yoast.com\/wordpress\/plugins\/seo\/ -->\n<title>Anthroposophy - Instituto Mahle<\/title>\n<meta name=\"robots\" content=\"index, follow, max-snippet:-1, max-image-preview:large, max-video-preview:-1\" \/>\n<link rel=\"canonical\" href=\"https:\/\/institutomahle.org.br\/en\/anthroposophy\/\" \/>\n<meta property=\"og:locale\" content=\"en_US\" \/>\n<meta property=\"og:type\" content=\"article\" \/>\n<meta property=\"og:title\" content=\"Anthroposophy - Instituto Mahle\" \/>\n<meta property=\"og:description\" content=\"THE MAHLE INSTITUTE AND ANTHROPOSOPHY Since its inception fifteen years ago, the Mahle Institute has been fully aligned with the anthroposophical philosophy as applied to socially responsible projects geared towards people, nature and the environment. In its trajectory, the Institute has honored, and additionally, affirmed the great importance of its original mission: to mobilize people [&hellip;]\" \/>\n<meta property=\"og:url\" content=\"https:\/\/institutomahle.org.br\/en\/anthroposophy\/\" \/>\n<meta property=\"og:site_name\" content=\"Instituto Mahle\" \/>\n<meta property=\"article:modified_time\" content=\"2022-03-11T21:51:05+00:00\" \/>\n<meta property=\"og:image\" content=\"https:\/\/institutomahle.org.br\/wp-content\/uploads\/2021\/09\/instituto-mahle-antroposofica-1-1024x682.jpeg\" \/>\n<meta name=\"twitter:card\" content=\"summary_large_image\" \/>\n<meta name=\"twitter:label1\" content=\"Est. reading time\" \/>\n\t<meta name=\"twitter:data1\" content=\"3 minutes\" \/>\n<script type=\"application\/ld+json\" class=\"yoast-schema-graph\">{\"@context\":\"https:\/\/schema.org\",\"@graph\":[{\"@type\":\"WebPage\",\"@id\":\"https:\/\/institutomahle.org.br\/en\/anthroposophy\/\",\"url\":\"https:\/\/institutomahle.org.br\/en\/anthroposophy\/\",\"name\":\"Anthroposophy - Instituto Mahle\",\"isPartOf\":{\"@id\":\"https:\/\/institutomahle.org.br\/#website\"},\"primaryImageOfPage\":{\"@id\":\"https:\/\/institutomahle.org.br\/en\/anthroposophy\/#primaryimage\"},\"image\":{\"@id\":\"https:\/\/institutomahle.org.br\/en\/anthroposophy\/#primaryimage\"},\"thumbnailUrl\":\"https:\/\/institutomahle.org.br\/wp-content\/uploads\/2021\/09\/instituto-mahle-antroposofica-1-1024x682.jpeg\",\"datePublished\":\"2022-02-10T22:02:39+00:00\",\"dateModified\":\"2022-03-11T21:51:05+00:00\",\"breadcrumb\":{\"@id\":\"https:\/\/institutomahle.org.br\/en\/anthroposophy\/#breadcrumb\"},\"inLanguage\":\"en-US\",\"potentialAction\":[{\"@type\":\"ReadAction\",\"target\":[\"https:\/\/institutomahle.org.br\/en\/anthroposophy\/\"]}]},{\"@type\":\"ImageObject\",\"inLanguage\":\"en-US\",\"@id\":\"https:\/\/institutomahle.org.br\/en\/anthroposophy\/#primaryimage\",\"url\":\"https:\/\/institutomahle.org.br\/wp-content\/uploads\/2021\/09\/instituto-mahle-antroposofica-1-1024x682.jpeg\",\"contentUrl\":\"https:\/\/institutomahle.org.br\/wp-content\/uploads\/2021\/09\/instituto-mahle-antroposofica-1-1024x682.jpeg\"},{\"@type\":\"BreadcrumbList\",\"@id\":\"https:\/\/institutomahle.org.br\/en\/anthroposophy\/#breadcrumb\",\"itemListElement\":[{\"@type\":\"ListItem\",\"position\":1,\"name\":\"In\u00edcio\",\"item\":\"https:\/\/institutomahle.org.br\/\"},{\"@type\":\"ListItem\",\"position\":2,\"name\":\"Anthroposophy\"}]},{\"@type\":\"WebSite\",\"@id\":\"https:\/\/institutomahle.org.br\/#website\",\"url\":\"https:\/\/institutomahle.org.br\/\",\"name\":\"Instituto Mahle\",\"description\":\"\",\"publisher\":{\"@id\":\"https:\/\/institutomahle.org.br\/#organization\"},\"potentialAction\":[{\"@type\":\"SearchAction\",\"target\":{\"@type\":\"EntryPoint\",\"urlTemplate\":\"https:\/\/institutomahle.org.br\/?s={search_term_string}\"},\"query-input\":{\"@type\":\"PropertyValueSpecification\",\"valueRequired\":true,\"valueName\":\"search_term_string\"}}],\"inLanguage\":\"en-US\"},{\"@type\":\"Organization\",\"@id\":\"https:\/\/institutomahle.org.br\/#organization\",\"name\":\"Instituto Mahle\",\"url\":\"https:\/\/institutomahle.org.br\/\",\"logo\":{\"@type\":\"ImageObject\",\"inLanguage\":\"en-US\",\"@id\":\"https:\/\/institutomahle.org.br\/#\/schema\/logo\/image\/\",\"url\":\"https:\/\/institutomahle.org.br\/wp-content\/uploads\/2022\/03\/instituto-mahle-logo-100x100-1.png\",\"contentUrl\":\"https:\/\/institutomahle.org.br\/wp-content\/uploads\/2022\/03\/instituto-mahle-logo-100x100-1.png\",\"width\":100,\"height\":99,\"caption\":\"Instituto Mahle\"},\"image\":{\"@id\":\"https:\/\/institutomahle.org.br\/#\/schema\/logo\/image\/\"}}]}<\/script>\n<!-- \/ Yoast SEO plugin. -->","yoast_head_json":{"title":"Anthroposophy - Instituto Mahle","robots":{"index":"index","follow":"follow","max-snippet":"max-snippet:-1","max-image-preview":"max-image-preview:large","max-video-preview":"max-video-preview:-1"},"canonical":"https:\/\/institutomahle.org.br\/en\/anthroposophy\/","og_locale":"en_US","og_type":"article","og_title":"Anthroposophy - Instituto Mahle","og_description":"THE MAHLE INSTITUTE AND ANTHROPOSOPHY Since its inception fifteen years ago, the Mahle Institute has been fully aligned with the anthroposophical philosophy as applied to socially responsible projects geared towards people, nature and the environment. In its trajectory, the Institute has honored, and additionally, affirmed the great importance of its original mission: to mobilize people [&hellip;]","og_url":"https:\/\/institutomahle.org.br\/en\/anthroposophy\/","og_site_name":"Instituto Mahle","article_modified_time":"2022-03-11T21:51:05+00:00","og_image":[{"url":"https:\/\/institutomahle.org.br\/wp-content\/uploads\/2021\/09\/instituto-mahle-antroposofica-1-1024x682.jpeg","type":"","width":"","height":""}],"twitter_card":"summary_large_image","twitter_misc":{"Est. reading time":"3 minutes"},"schema":{"@context":"https:\/\/schema.org","@graph":[{"@type":"WebPage","@id":"https:\/\/institutomahle.org.br\/en\/anthroposophy\/","url":"https:\/\/institutomahle.org.br\/en\/anthroposophy\/","name":"Anthroposophy - Instituto Mahle","isPartOf":{"@id":"https:\/\/institutomahle.org.br\/#website"},"primaryImageOfPage":{"@id":"https:\/\/institutomahle.org.br\/en\/anthroposophy\/#primaryimage"},"image":{"@id":"https:\/\/institutomahle.org.br\/en\/anthroposophy\/#primaryimage"},"thumbnailUrl":"https:\/\/institutomahle.org.br\/wp-content\/uploads\/2021\/09\/instituto-mahle-antroposofica-1-1024x682.jpeg","datePublished":"2022-02-10T22:02:39+00:00","dateModified":"2022-03-11T21:51:05+00:00","breadcrumb":{"@id":"https:\/\/institutomahle.org.br\/en\/anthroposophy\/#breadcrumb"},"inLanguage":"en-US","potentialAction":[{"@type":"ReadAction","target":["https:\/\/institutomahle.org.br\/en\/anthroposophy\/"]}]},{"@type":"ImageObject","inLanguage":"en-US","@id":"https:\/\/institutomahle.org.br\/en\/anthroposophy\/#primaryimage","url":"https:\/\/institutomahle.org.br\/wp-content\/uploads\/2021\/09\/instituto-mahle-antroposofica-1-1024x682.jpeg","contentUrl":"https:\/\/institutomahle.org.br\/wp-content\/uploads\/2021\/09\/instituto-mahle-antroposofica-1-1024x682.jpeg"},{"@type":"BreadcrumbList","@id":"https:\/\/institutomahle.org.br\/en\/anthroposophy\/#breadcrumb","itemListElement":[{"@type":"ListItem","position":1,"name":"In\u00edcio","item":"https:\/\/institutomahle.org.br\/"},{"@type":"ListItem","position":2,"name":"Anthroposophy"}]},{"@type":"WebSite","@id":"https:\/\/institutomahle.org.br\/#website","url":"https:\/\/institutomahle.org.br\/","name":"Instituto Mahle","description":"","publisher":{"@id":"https:\/\/institutomahle.org.br\/#organization"},"potentialAction":[{"@type":"SearchAction","target":{"@type":"EntryPoint","urlTemplate":"https:\/\/institutomahle.org.br\/?s={search_term_string}"},"query-input":{"@type":"PropertyValueSpecification","valueRequired":true,"valueName":"search_term_string"}}],"inLanguage":"en-US"},{"@type":"Organization","@id":"https:\/\/institutomahle.org.br\/#organization","name":"Instituto Mahle","url":"https:\/\/institutomahle.org.br\/","logo":{"@type":"ImageObject","inLanguage":"en-US","@id":"https:\/\/institutomahle.org.br\/#\/schema\/logo\/image\/","url":"https:\/\/institutomahle.org.br\/wp-content\/uploads\/2022\/03\/instituto-mahle-logo-100x100-1.png","contentUrl":"https:\/\/institutomahle.org.br\/wp-content\/uploads\/2022\/03\/instituto-mahle-logo-100x100-1.png","width":100,"height":99,"caption":"Instituto Mahle"},"image":{"@id":"https:\/\/institutomahle.org.br\/#\/schema\/logo\/image\/"}}]}},"_links":{"self":[{"href":"https:\/\/institutomahle.org.br\/en\/wp-json\/wp\/v2\/pages\/1612","targetHints":{"allow":["GET"]}}],"collection":[{"href":"https:\/\/institutomahle.org.br\/en\/wp-json\/wp\/v2\/pages"}],"about":[{"href":"https:\/\/institutomahle.org.br\/en\/wp-json\/wp\/v2\/types\/page"}],"author":[{"embeddable":true,"href":"https:\/\/institutomahle.org.br\/en\/wp-json\/wp\/v2\/users\/1"}],"replies":[{"embeddable":true,"href":"https:\/\/institutomahle.org.br\/en\/wp-json\/wp\/v2\/comments?post=1612"}],"version-history":[{"count":6,"href":"https:\/\/institutomahle.org.br\/en\/wp-json\/wp\/v2\/pages\/1612\/revisions"}],"predecessor-version":[{"id":1829,"href":"https:\/\/institutomahle.org.br\/en\/wp-json\/wp\/v2\/pages\/1612\/revisions\/1829"}],"wp:attachment":[{"href":"https:\/\/institutomahle.org.br\/en\/wp-json\/wp\/v2\/media?parent=1612"}],"curies":[{"name":"wp","href":"https:\/\/api.w.org\/{rel}","templated":true}]}}